{"id":28,"date":"2023-05-01T12:17:55","date_gmt":"2023-05-01T12:17:55","guid":{"rendered":"https:\/\/www.lazansky.cz\/?page_id=28"},"modified":"2024-12-04T21:26:01","modified_gmt":"2024-12-04T21:26:01","slug":"mgr-vojtech-lazansky-advokat","status":"publish","type":"page","link":"https:\/\/www.lazansky.cz\/","title":{"rendered":"Mgr. Vojt\u011bch La\u017eansk\u00fd, advok\u00e1t"},"content":{"rendered":"\n<p>Mgr. Vojt\u011bch La\u017eansk\u00fd (*1982) absolvoval v roce 2007 Fakultu pr\u00e1vnickou Z\u010cU v Plzni jako hrd\u00fd diplomant JUDr. et PhDr. Stanislava Bal\u00edka, Ph.D.<\/p>\n\n\n\n<p>Koncipientskou praxi z\u00edskal nejprve u advok\u00e1tky JUDr. Aleny Fr\u00f6hlichov\u00e9 v Praze 6 se specializac\u00ed na autorsk\u00e9 pr\u00e1vo a smluvn\u00ed agendu v oblasti informa\u010dn\u00edch technologi\u00ed, n\u00e1sledn\u011b pak v advok\u00e1tn\u00ed kancel\u00e1\u0159i JUDr. Lubom\u00edra Kadan\u011b v Praze 2, je\u017e poskytuje p\u0159edev\u0161\u00edm komplexn\u00ed pr\u00e1vn\u00ed servis korpor\u00e1tn\u00ed klientele; s touto advok\u00e1tn\u00ed kancel\u00e1\u0159\u00ed spolupracoval v letech 2011 &#8211; 2017 nad\u00e1le coby samostatn\u00fd advok\u00e1t, kdy\u017e slo\u017eil advok\u00e1tn\u00ed zkou\u0161ky p\u0159ed \u010ceskou advok\u00e1tn\u00ed komorou s prosp\u011bchov\u00fdm stupn\u011bm \u201ev\u00fdte\u010dn\u011b\u201c.<\/p>\n\n\n\n<p>Od prosince 2018 z\u00e1rove\u0148 zast\u00e1v\u00e1 pozici korpor\u00e1tn\u00edho ochr\u00e1nce pr\u00e1v (ombudsmana) leteck\u00e9 skupiny <a href=\"https:\/\/www.smartwings.com\/cs\/cestovni-informace\/ombudsman\/\">Smartwings Group<\/a>.<\/p>\n\n\n\n<p>Mezi velk\u00e9 z\u00e1liby Vojt\u011bcha La\u017eansk\u00e9ho pat\u0159\u00ed pr\u00e1vn\u00ed d\u011bjiny, zejm\u00e9na historie advokacie, o kter\u00e9 t\u00e9\u017e s\u00e1m publikuje. Byl \u010dlenem autorsk\u00e9ho kolektivu reprezenta\u010dn\u00ed publikace \u010cesk\u00e9 advok\u00e1tn\u00ed komory <em>D\u011bjiny advokacie v \u010cech\u00e1ch, na Morav\u011b a ve Slezsku<\/em>. V roce 2014 se stal recenzentem vysoce hodnocen\u00e9 knihy Jakuba Dr\u00e1pala <em>Poslu\u0161en z\u00e1kon\u016f sv\u00e9 zem\u011b a sv\u00e9ho stavu: Kamill Resler \u2013 obh\u00e1jce K. H. Franka<\/em> mapuj\u00edc\u00ed strhuj\u00edc\u00ed p\u0159\u00edb\u011bh tohoto velik\u00e1na \u010desk\u00e9 advokacie.<\/p>\n\n\n\n<p>Od \u00fanora 2023 vyu\u010duje na Fakult\u011b pr\u00e1vnick\u00e9 Z\u010cU v Plzni p\u0159edm\u011bt Leteck\u00e9 pr\u00e1vo. Je hlavn\u00edm autorem vysoko\u0161kolsk\u00e9 u\u010debnice <em><a href=\"https:\/\/www.alescenek.cz\/zbozi\/230957\/zaklady-leteckeho-prava\/\">Z\u00e1klady leteck\u00e9ho pr\u00e1va<\/a><\/em>.<\/p>\n\n\n\n<p>Vojt\u011bch La\u017eansk\u00fd hovo\u0159\u00ed n\u011bmecky, anglicky a na konverza\u010dn\u00ed \u00farovni italsky.<\/p>\n","protected":false},"excerpt":{"rendered":"<p>Mgr. Vojt\u011bch La\u017eansk\u00fd (*1982) absolvoval v roce 2007 Fakultu pr\u00e1vnickou Z\u010cU v Plzni jako hrd\u00fd diplomant JUDr. et PhDr. Stanislava Bal\u00edka, Ph.D. Koncipientskou praxi z\u00edskal nejprve u advok\u00e1tky JUDr. Aleny Fr\u00f6hlichov\u00e9 v Praze 6 se specializac\u00ed na autorsk\u00e9 pr\u00e1vo a smluvn\u00ed agendu v oblasti informa\u010dn\u00edch technologi\u00ed, n\u00e1sledn\u011b pak v advok\u00e1tn\u00ed kancel\u00e1\u0159i JUDr. Lubom\u00edra Kadan\u011b v&hellip; <a class=\"more-link\" href=\"https:\/\/www.lazansky.cz\/\">Pokra\u010dovat ve\u00a0\u010dten\u00ed <span class=\"screen-reader-text\">Mgr. Vojt\u011bch La\u017eansk\u00fd, advok\u00e1t<\/span><\/a><\/p>\n","protected":false},"author":1,"featured_media":84,"parent":0,"menu_order":0,"comment_status":"closed","ping_status":"closed","template":"","meta":{"footnotes":""},"class_list":["post-28","page","type-page","status-publish","has-post-thumbnail","hentry","entry"],"_links":{"self":[{"href":"https:\/\/www.lazansky.cz\/index.php?rest_route=\/wp\/v2\/pages\/28","targetHints":{"allow":["GET"]}}],"collection":[{"href":"https:\/\/www.lazansky.cz\/index.php?rest_route=\/wp\/v2\/pages"}],"about":[{"href":"https:\/\/www.lazansky.cz\/index.php?rest_route=\/wp\/v2\/types\/page"}],"author":[{"embeddable":true,"href":"https:\/\/www.lazansky.cz\/index.php?rest_route=\/wp\/v2\/users\/1"}],"replies":[{"embeddable":true,"href":"https:\/\/www.lazansky.cz\/index.php?rest_route=%2Fwp%2Fv2%2Fcomments&post=28"}],"version-history":[{"count":4,"href":"https:\/\/www.lazansky.cz\/index.php?rest_route=\/wp\/v2\/pages\/28\/revisions"}],"predecessor-version":[{"id":82,"href":"https:\/\/www.lazansky.cz\/index.php?rest_route=\/wp\/v2\/pages\/28\/revisions\/82"}],"wp:featuredmedia":[{"embeddable":true,"href":"https:\/\/www.lazansky.cz\/index.php?rest_route=\/wp\/v2\/media\/84"}],"wp:attachment":[{"href":"https:\/\/www.lazansky.cz\/index.php?rest_route=%2Fwp%2Fv2%2Fmedia&parent=28"}],"curies":[{"name":"wp","href":"https:\/\/api.w.org\/{rel}","templated":true}]}}